{"id":528,"date":"2016-05-11T13:52:53","date_gmt":"2016-05-11T13:52:53","guid":{"rendered":"http:\/\/wpoffice\/enfold-fitness\/?page_id=528"},"modified":"2025-09-07T22:53:23","modified_gmt":"2025-09-07T20:53:23","slug":"timetable","status":"publish","type":"page","link":"http:\/\/www.uks16ka.pl\/?page_id=528","title":{"rendered":"Harmonogram"},"content":{"rendered":"<p class=\"p1\">O przyj\u0119ciu do grupy decyduje kolejno\u015b\u0107 zg\u0142osze\u0144.<br \/>\nPotwierdzenie przyj\u0119cia do grupy otrzymaj\u0105 Pa\u0144stwo e-mailem. Prosimy o sprawdzanie SPAM w skrzynkach e-mail.<\/p>\n<p class=\"p1\">Zaj\u0119cia 1 raz w tygodniu 60 minut<br \/>\nKoszt semestru dla jednego dziecka wynosi 900z\u0142<br \/>\nZaj\u0119cia w I semestrze odbywaj\u0105 si\u0119 od 15.09.2025 r. do\u00a0<span class=\"il\">16<\/span>.01.2026 r.<br \/>\nZaj\u0119cia w II semestrze odbywaj\u0105 si\u0119 od 02.02.2026 r. do 26.06.2026 r.<\/p>\n<p>Zaj\u0119cia na basenie<\/p>\n<p>P\u0142atno\u015b\u0107 w systemie ratalnymi za I semestr<\/p>\n<p>300z\u0142 \u2013 do 15.09.2025 r.<br \/>\n300z\u0142- do 10.11.2025 r.<br \/>\n300z\u0142 \u2013 do 10.12.2025 r.<\/p>\n<p>P\u0142atno\u015b\u0107 w systemie ratalnym za II semestr:<br \/>\n300z\u0142 \u2013 do 02.02.2026 r.<br \/>\n300z\u0142- do 10.04.2026 r.<br \/>\n300z\u0142 \u2013 do 10.05.2026 r.<\/p>\n<p>Gry zespo\u0142owe 2 razy w tygodniu:<\/p>\n<p>Koszt semestru dla jednego dziecka wynosi 750z\u0142<\/p>\n<p>P\u0142atno\u015b\u0107 w systemie ratalnymi za I semestr<br \/>\n250z\u0142 \u2013 do 15.09.2025 r.<br \/>\n250z\u0142 \u2013 do 10.11.2025 r.<br \/>\n250z\u0142 \u2013 do 10.12.2025 r.<\/p>\n<p>P\u0142atno\u015b\u0107 w systemie ratalnym za II semestr:<br \/>\n250z\u0142 \u2013 do 02.02.2026 r.<br \/>\n250z\u0142 \u2013 do 10.04.2026 r.<br \/>\n250z\u0142 \u2013 do 10.05.2026 r.<\/p>\n<p>Zaj\u0119cia og\u00f3lnorozwojowe na sali gimnastycznej odbywaj\u0105 si\u0119 2x w tygodniu koszt 750zl.<br \/>\n(Istnieje mo\u017cliwo\u015b\u0107 uczestnictwa w zaj\u0119ciach 1x w tygodniu \u2013 koszt 375z\u0142)<\/p>\n<p>Koszt semestru dla jednego dziecka wynosi 750z\u0142<\/p>\n<p>P\u0142atno\u015b\u0107 w systemie ratalnymi za I semestr<br \/>\n250z\u0142 -do 15.09.2025 r.<br \/>\n250z\u0142 -do 10.11.2025 r.<br \/>\n250z\u0142 -do 10.12.2025 r.<\/p>\n<p>P\u0142atno\u015b\u0107 w systemie ratalnym za II semestr:<br \/>\n250z\u0142 -do 02.02.2026 r.<br \/>\n250z\u0142 -do 10.04.2026 r.<br \/>\n250z\u0142 \u2013 do 10.05.2026 r.<\/p>\n<p>Wp\u0142at nale\u017cy dokonywa\u0107 \u00a0na konto<br \/>\n<span class=\"il\">UKS<\/span>\u00a0\u201eSzesnastka\u201d<br \/>\nul. Wilczy D\u00f3\u0142 4<br \/>\n02-798 Warszawa<br \/>\nnr konta: 69 1940 1076 3090 2174 0000 0000<br \/>\nW razie pyta\u0144 lub w\u0105tpliwo\u015bci prosimy o kontakt na adres mailowy:\u00a0<a href=\"mailto:uks16ka@gmail.com\" target=\"_blank\" rel=\"noopener\"><span class=\"il\">uks16ka@gmail.com<\/span><\/a><\/p>\n<p class=\"p1\">\t\t<div class=\"wcs-timetable__wrapper\">\n\t\t\t<div class=\"wcs-vue\" id=\"wcs-app-1\"><\/div>\n\t\t<\/div>\n\t\t<\/p>\n","protected":false},"excerpt":{"rendered":"<p>O przyj\u0119ciu do grupy decyduje kolejno\u015b\u0107 zg\u0142osze\u0144. Potwierdzenie przyj\u0119cia do grupy otrzymaj\u0105 Pa\u0144stwo e-mailem. Prosimy o sprawdzanie SPAM w skrzynkach e-mail. Zaj\u0119cia 1 raz w tygodniu 60 minut Koszt semestru dla jednego dziecka wynosi 900z\u0142 Zaj\u0119cia w I semestrze odbywaj\u0105 si\u0119 od 15.09.2025 r. do\u00a016.01.2026 r. Zaj\u0119cia w II semestrze odbywaj\u0105 si\u0119 od 02.02.2026 r. [&hellip;]<\/p>\n","protected":false},"author":1,"featured_media":0,"parent":0,"menu_order":0,"comment_status":"closed","ping_status":"closed","template":"","meta":{"footnotes":""},"class_list":["post-528","page","type-page","status-publish","hentry"],"_links":{"self":[{"href":"http:\/\/www.uks16ka.pl\/index.php?rest_route=\/wp\/v2\/pages\/528","targetHints":{"allow":["GET"]}}],"collection":[{"href":"http:\/\/www.uks16ka.pl\/index.php?rest_route=\/wp\/v2\/pages"}],"about":[{"href":"http:\/\/www.uks16ka.pl\/index.php?rest_route=\/wp\/v2\/types\/page"}],"author":[{"embeddable":true,"href":"http:\/\/www.uks16ka.pl\/index.php?rest_route=\/wp\/v2\/users\/1"}],"replies":[{"embeddable":true,"href":"http:\/\/www.uks16ka.pl\/index.php?rest_route=%2Fwp%2Fv2%2Fcomments&post=528"}],"version-history":[{"count":93,"href":"http:\/\/www.uks16ka.pl\/index.php?rest_route=\/wp\/v2\/pages\/528\/revisions"}],"predecessor-version":[{"id":9515,"href":"http:\/\/www.uks16ka.pl\/index.php?rest_route=\/wp\/v2\/pages\/528\/revisions\/9515"}],"wp:attachment":[{"href":"http:\/\/www.uks16ka.pl\/index.php?rest_route=%2Fwp%2Fv2%2Fmedia&parent=528"}],"curies":[{"name":"wp","href":"https:\/\/api.w.org\/{rel}","templated":true}]}}