{"id":515,"date":"2016-05-11T13:49:10","date_gmt":"2016-05-11T13:49:10","guid":{"rendered":"http:\/\/wpoffice\/enfold-fitness\/?page_id=515"},"modified":"2018-02-10T20:07:58","modified_gmt":"2018-02-10T19:07:58","slug":"about","status":"publish","type":"page","link":"https:\/\/www.uks16ka.pl\/?page_id=515","title":{"rendered":"O klubie"},"content":{"rendered":"<div id='full_slider_1'  class='avia-fullwidth-slider main_color avia-shadow   avia-builder-el-0  el_before_av_section  avia-builder-el-first   container_wrap sidebar_right'  >\n<style type=\"text\/css\" data-created_by=\"avia_inline_auto\" id=\"style-css-av-av_slideshow_full-32de997090c749a8c82b86d1ff824dd4\">\n#top #wrap_all .avia-slideshow .av-slideshow-caption.av-av_slideshow_full-32de997090c749a8c82b86d1ff824dd4__0 .avia-caption-title{\nfont-size:70px;\n}\n<\/style>\n<div  class='avia-slideshow av-av_slideshow_full-32de997090c749a8c82b86d1ff824dd4 avia-slideshow-featured av_slideshow_full avia-slide-slider av-slideshow-ui av-control-default av-slideshow-manual av-loop-once av-loop-manual-endless av-default-height-applied   avia-slideshow-1' data-slideshow-options=\"{&quot;animation&quot;:&quot;slide&quot;,&quot;autoplay&quot;:false,&quot;loop_autoplay&quot;:&quot;once&quot;,&quot;interval&quot;:5,&quot;loop_manual&quot;:&quot;manual-endless&quot;,&quot;autoplay_stopper&quot;:false,&quot;noNavigation&quot;:false,&quot;bg_slider&quot;:false,&quot;keep_padding&quot;:false,&quot;hoverpause&quot;:false,&quot;show_slide_delay&quot;:0}\"  itemprop=\"image\" itemscope=\"itemscope\" itemtype=\"https:\/\/schema.org\/ImageObject\" ><ul class='avia-slideshow-inner ' style='padding-bottom: 46.688382193268%;'><li  class='avia-slideshow-slide av-av_slideshow_full-32de997090c749a8c82b86d1ff824dd4__0  av-single-slide slide-1 slide-odd'><div data-rel='slideshow-1' class='avia-slide-wrap '   ><div class='av-slideshow-caption av-av_slideshow_full-32de997090c749a8c82b86d1ff824dd4__0 caption_fullwidth caption_left'><div class=\"container caption_container\"><div class=\"slideshow_caption\"><div class=\"slideshow_inner_caption\"><div class=\"slideshow_align_caption\"><h2 class='avia-caption-title '  itemprop=\"name\" >O klubie<strong>.<\/strong><\/h2><\/div><\/div><\/div><\/div><\/div><img decoding=\"async\" fetchpriority=\"high\" class=\"wp-image-2367 avia-img-lazy-loading-not-2367\"  src=\"https:\/\/www.uks16ka.pl\/wp-content\/uploads\/2018\/02\/Fotolia_103463056_M_slider.jpg\" width=\"921\" height=\"430\" title='\u30d0\u30b9\u30b1\u30c3\u30c8\u30dc\u30fc\u30eb' alt=''  itemprop=\"thumbnailUrl\" srcset=\"https:\/\/www.uks16ka.pl\/wp-content\/uploads\/2018\/02\/Fotolia_103463056_M_slider.jpg 1688w, https:\/\/www.uks16ka.pl\/wp-content\/uploads\/2018\/02\/Fotolia_103463056_M_slider-300x140.jpg 300w, https:\/\/www.uks16ka.pl\/wp-content\/uploads\/2018\/02\/Fotolia_103463056_M_slider-768x359.jpg 768w, https:\/\/www.uks16ka.pl\/wp-content\/uploads\/2018\/02\/Fotolia_103463056_M_slider-1030x481.jpg 1030w, https:\/\/www.uks16ka.pl\/wp-content\/uploads\/2018\/02\/Fotolia_103463056_M_slider-705x329.jpg 705w, https:\/\/www.uks16ka.pl\/wp-content\/uploads\/2018\/02\/Fotolia_103463056_M_slider-1536x717.jpg 1536w, https:\/\/www.uks16ka.pl\/wp-content\/uploads\/2018\/02\/Fotolia_103463056_M_slider-1500x700.jpg 1500w\" sizes=\"(max-width: 921px) 100vw, 921px\" \/><\/div><\/li><\/ul><\/div><\/div>\n<div id='av_section_1'  class='avia-section av-av_section-43fa913dbbd7170bb5693496c11aa38b main_color avia-section-large avia-no-border-styling  avia-builder-el-1  el_after_av_slideshow_full  el_before_av_masonry_gallery  avia-bg-style-scroll container_wrap sidebar_right'  ><div class='container av-section-cont-open' ><div class='template-page content  av-content-small alpha units'><div class='post-entry post-entry-type-page post-entry-515'><div class='entry-content-wrapper clearfix'>\n\n<style type=\"text\/css\" data-created_by=\"avia_inline_auto\" id=\"style-css-av-av_one_half-6126cab7d8fab8d08143dd2dacdf673c\">\n.flex_column.av-av_one_half-6126cab7d8fab8d08143dd2dacdf673c{\nborder-radius:0px 0px 0px 0px;\npadding:0px 0px 0px 0px;\n}\n<\/style>\n<div  class='flex_column av-av_one_half-6126cab7d8fab8d08143dd2dacdf673c av_one_half  avia-builder-el-2  el_before_av_one_half  avia-builder-el-first  first flex_column_div av-zero-column-padding  '     ><p><section  class='av_textblock_section av-av_textblock-396ddf1f42196ca838231e61a4602801 '   itemscope=\"itemscope\" itemtype=\"https:\/\/schema.org\/CreativeWork\" ><div class='avia_textblock'  itemprop=\"text\" ><p><span style=\"font-weight: 400;\">UKS &#8222;Szesnastka&#8221; powsta\u0142 w 2010 roku. Naszym celem jest krzewienie kultury fizycznej dzieci i m\u0142odzie\u017cy, a <\/span><span style=\"font-weight: 400;\">tak\u017ce wdra\u017canie sportowego trybu \u017cycia, zara\u017canie pasj\u0105 do sportu i sprawianie aby treningi przynosi\u0142y rado\u015b\u0107 i satysfakcj\u0119. \u00a0<\/span><\/p>\n<p><span style=\"font-weight: 400;\">Zapraszamy na zaj\u0119cia z nauki i doskonalenia p\u0142ywania, jak r\u00f3wnie\u017c na zaj\u0119cia og\u00f3lnorozwojowe z elementami gier zespo\u0142owych.<\/span><\/p>\n<\/div><\/section><br \/>\n\n<style type=\"text\/css\" data-created_by=\"avia_inline_auto\" id=\"style-css-av-av_hr-5ea7596238ed9f191e6b5e662093052f\">\n#top .hr.hr-invisible.av-av_hr-5ea7596238ed9f191e6b5e662093052f{\nheight:30px;\n}\n<\/style>\n<div  class='hr av-av_hr-5ea7596238ed9f191e6b5e662093052f hr-invisible  avia-builder-el-4  el_after_av_textblock  avia-builder-el-last '><span class='hr-inner '><span class=\"hr-inner-style\"><\/span><\/span><\/div><\/p><\/div>\n<style type=\"text\/css\" data-created_by=\"avia_inline_auto\" id=\"style-css-av-av_one_half-0aa7055fe62c3622faec82866afbaeb2\">\n.flex_column.av-av_one_half-0aa7055fe62c3622faec82866afbaeb2{\nborder-radius:0px 0px 0px 0px;\npadding:0px 0px 0px 0px;\n}\n<\/style>\n<div  class='flex_column av-av_one_half-0aa7055fe62c3622faec82866afbaeb2 av_one_half  avia-builder-el-5  el_after_av_one_half  avia-builder-el-last  flex_column_div av-zero-column-padding  '     ><style type=\"text\/css\" data-created_by=\"avia_inline_auto\" id=\"style-css-av-av_image-91cc99fdbeb8c30069ebcfe96b8d9a22\">\n.avia-image-container.av-av_image-91cc99fdbeb8c30069ebcfe96b8d9a22 img.avia_image{\nbox-shadow:none;\n}\n.avia-image-container.av-av_image-91cc99fdbeb8c30069ebcfe96b8d9a22 .av-image-caption-overlay-center{\ncolor:#ffffff;\n}\n<\/style>\n<div  class='avia-image-container av-av_image-91cc99fdbeb8c30069ebcfe96b8d9a22 av-styling- avia-align-right  avia-builder-el-6  avia-builder-el-no-sibling '   itemprop=\"image\" itemscope=\"itemscope\" itemtype=\"https:\/\/schema.org\/ImageObject\" ><div class=\"avia-image-container-inner\"><div class=\"avia-image-overlay-wrap\"><img decoding=\"async\" fetchpriority=\"high\" class='wp-image-1267 avia-img-lazy-loading-not-1267 avia_image ' src=\"https:\/\/www.uks16ka.pl\/wp-content\/uploads\/2016\/05\/IMG_4249_aa.jpg\" alt='' title='IMG_4249_aa'  height=\"330\" width=\"495\"  itemprop=\"thumbnailUrl\" srcset=\"https:\/\/www.uks16ka.pl\/wp-content\/uploads\/2016\/05\/IMG_4249_aa.jpg 640w, https:\/\/www.uks16ka.pl\/wp-content\/uploads\/2016\/05\/IMG_4249_aa-300x200.jpg 300w\" sizes=\"(max-width: 495px) 100vw, 495px\" \/><\/div><\/div><\/div><\/div>\n\n<div id='av-masonry-1' class='av-masonry av-av_masonry_gallery-b0dbf404b6396106bf7856c6b6fe2393 noHover av-fixed-size av-large-gap av-hover-overlay-active av-masonry-animation-active av-masonry-col-5 av-caption-always av-caption-style- av-masonry-gallery ' data-post_id=\"515\"><div class=\"av-masonry-container isotope av-js-disabled\"><div class='av-masonry-entry isotope-item av-masonry-item-no-image '><\/div><a href=\"https:\/\/www.uks16ka.pl\/wp-content\/uploads\/2016\/05\/IMG_4255_aa.jpg\" data-srcset=\"https:\/\/www.uks16ka.pl\/wp-content\/uploads\/2016\/05\/IMG_4255_aa.jpg 640w, https:\/\/www.uks16ka.pl\/wp-content\/uploads\/2016\/05\/IMG_4255_aa-300x200.jpg 300w\" data-sizes=\"(max-width: 640px) 100vw, 640px\"  aria-label=\"image IMG_4255_aa\"  id='av-masonry-1-item-1269' data-av-masonry-item='1269' class='av-masonry-entry isotope-item post-1269 attachment type-attachment status-inherit hentry  av-masonry-item-with-image' title=\"IMG_4255_aa\" alt=\"\"    itemprop=\"thumbnailUrl\" ><div class='av-inner-masonry-sizer'><\/div><figure class='av-inner-masonry main_color'><div class=\"av-masonry-outerimage-container\"><div class='av-masonry-image-container' style=\"background-image: url(https:\/\/www.uks16ka.pl\/wp-content\/uploads\/2016\/05\/IMG_4255_aa.jpg);\"  title=\"IMG_4255_aa\" ><\/div><\/div><\/figure><\/a><!--end av-masonry entry--><a href=\"https:\/\/www.uks16ka.pl\/wp-content\/uploads\/2016\/05\/IMG_4249_aa-1.jpg\" data-srcset=\"https:\/\/www.uks16ka.pl\/wp-content\/uploads\/2016\/05\/IMG_4249_aa-1.jpg 640w, https:\/\/www.uks16ka.pl\/wp-content\/uploads\/2016\/05\/IMG_4249_aa-1-300x200.jpg 300w\" data-sizes=\"(max-width: 640px) 100vw, 640px\"  aria-label=\"image IMG_4249_aa\"  id='av-masonry-1-item-1268' data-av-masonry-item='1268' class='av-masonry-entry isotope-item post-1268 attachment type-attachment status-inherit hentry  av-masonry-item-with-image' title=\"IMG_4249_aa\" alt=\"\"    itemprop=\"thumbnailUrl\" ><div class='av-inner-masonry-sizer'><\/div><figure class='av-inner-masonry main_color'><div class=\"av-masonry-outerimage-container\"><div class='av-masonry-image-container' style=\"background-image: url(https:\/\/www.uks16ka.pl\/wp-content\/uploads\/2016\/05\/IMG_4249_aa-1.jpg);\"  title=\"IMG_4249_aa\" ><\/div><\/div><\/figure><\/a><!--end av-masonry entry--><a href=\"https:\/\/www.uks16ka.pl\/wp-content\/uploads\/2016\/05\/IMG_4249_aa.jpg\" data-srcset=\"https:\/\/www.uks16ka.pl\/wp-content\/uploads\/2016\/05\/IMG_4249_aa.jpg 640w, https:\/\/www.uks16ka.pl\/wp-content\/uploads\/2016\/05\/IMG_4249_aa-300x200.jpg 300w\" data-sizes=\"(max-width: 640px) 100vw, 640px\"  aria-label=\"image IMG_4249_aa\"  id='av-masonry-1-item-1267' data-av-masonry-item='1267' class='av-masonry-entry isotope-item post-1267 attachment type-attachment status-inherit hentry  av-masonry-item-with-image' title=\"IMG_4249_aa\" alt=\"\"    itemprop=\"thumbnailUrl\" ><div class='av-inner-masonry-sizer'><\/div><figure class='av-inner-masonry main_color'><div class=\"av-masonry-outerimage-container\"><div class='av-masonry-image-container' style=\"background-image: url(https:\/\/www.uks16ka.pl\/wp-content\/uploads\/2016\/05\/IMG_4249_aa.jpg);\"  title=\"IMG_4249_aa\" ><\/div><\/div><\/figure><\/a><!--end av-masonry entry--><a href=\"https:\/\/www.uks16ka.pl\/wp-content\/uploads\/2017\/08\/11.jpg\" data-srcset=\"https:\/\/www.uks16ka.pl\/wp-content\/uploads\/2017\/08\/11.jpg 1024w, https:\/\/www.uks16ka.pl\/wp-content\/uploads\/2017\/08\/11-300x169.jpg 300w, https:\/\/www.uks16ka.pl\/wp-content\/uploads\/2017\/08\/11-768x432.jpg 768w, https:\/\/www.uks16ka.pl\/wp-content\/uploads\/2017\/08\/11-705x397.jpg 705w\" data-sizes=\"(max-width: 1024px) 100vw, 1024px\"  aria-label=\"image 11\"  id='av-masonry-1-item-1178' data-av-masonry-item='1178' class='av-masonry-entry isotope-item post-1178 attachment type-attachment status-inherit hentry  av-masonry-item-with-image' title=\"11\" alt=\"\"    itemprop=\"thumbnailUrl\" ><div class='av-inner-masonry-sizer'><\/div><figure class='av-inner-masonry main_color'><div class=\"av-masonry-outerimage-container\"><div class='av-masonry-image-container' style=\"background-image: url(https:\/\/www.uks16ka.pl\/wp-content\/uploads\/2017\/08\/11-705x397.jpg);\"  title=\"11\" ><\/div><\/div><\/figure><\/a><!--end av-masonry entry--><a href=\"https:\/\/www.uks16ka.pl\/wp-content\/uploads\/2017\/08\/10.jpg\" data-srcset=\"https:\/\/www.uks16ka.pl\/wp-content\/uploads\/2017\/08\/10.jpg 1024w, https:\/\/www.uks16ka.pl\/wp-content\/uploads\/2017\/08\/10-300x225.jpg 300w, https:\/\/www.uks16ka.pl\/wp-content\/uploads\/2017\/08\/10-768x576.jpg 768w, https:\/\/www.uks16ka.pl\/wp-content\/uploads\/2017\/08\/10-705x529.jpg 705w\" data-sizes=\"(max-width: 1024px) 100vw, 1024px\"  aria-label=\"image 10\"  id='av-masonry-1-item-1177' data-av-masonry-item='1177' class='av-masonry-entry isotope-item post-1177 attachment type-attachment status-inherit hentry  av-masonry-item-with-image' title=\"10\" alt=\"\"    itemprop=\"thumbnailUrl\" ><div class='av-inner-masonry-sizer'><\/div><figure class='av-inner-masonry main_color'><div class=\"av-masonry-outerimage-container\"><div class='av-masonry-image-container' style=\"background-image: url(https:\/\/www.uks16ka.pl\/wp-content\/uploads\/2017\/08\/10-705x529.jpg);\"  title=\"10\" ><\/div><\/div><\/figure><\/a><!--end av-masonry entry--><\/div><\/div>\n\n<style type=\"text\/css\" data-created_by=\"avia_inline_auto\" id=\"style-css-av-av_section-a84a3d8db04204191a0d64d88c80a221\">\n.avia-section.av-av_section-a84a3d8db04204191a0d64d88c80a221{\nbackground-repeat:no-repeat;\nbackground-image:url(https:\/\/www.uks16ka.pl\/wp-content\/uploads\/2016\/05\/Kids-Football-Match-1500x999.jpg);\nbackground-position:50% 50%;\nbackground-attachment:fixed;\n}\n.avia-section.av-av_section-a84a3d8db04204191a0d64d88c80a221 .av-section-color-overlay{\nopacity:0.6;\nbackground-color:#000000;\n}\n<\/style>\n<div id='av_section_2'  class='avia-section av-av_section-a84a3d8db04204191a0d64d88c80a221 alternate_color avia-section-huge avia-no-border-styling  avia-builder-el-8  el_after_av_masonry_gallery  avia-builder-el-last  avia-full-stretch avia-bg-style-fixed av-section-color-overlay-active container_wrap sidebar_right'  data-section-bg-repeat='stretch'><div class=\"av-section-color-overlay-wrap\"><div class=\"av-section-color-overlay\"><\/div><div class='container av-section-cont-open' ><div class='template-page content  av-content-small alpha units'><div class='post-entry post-entry-type-page post-entry-515'><div class='entry-content-wrapper clearfix'>\n\n<style type=\"text\/css\" data-created_by=\"avia_inline_auto\" id=\"style-css-av-av_one_fifth-6126cab7d8fab8d08143dd2dacdf673c\">\n.flex_column.av-av_one_fifth-6126cab7d8fab8d08143dd2dacdf673c{\nborder-radius:0px 0px 0px 0px;\npadding:0px 0px 0px 0px;\n}\n<\/style>\n<div  class='flex_column av-av_one_fifth-6126cab7d8fab8d08143dd2dacdf673c av_one_fifth  avia-builder-el-9  el_before_av_three_fifth  avia-builder-el-first  first flex_column_div av-zero-column-padding  '     ><\/div>\n<style type=\"text\/css\" data-created_by=\"avia_inline_auto\" id=\"style-css-av-av_three_fifth-0aa7055fe62c3622faec82866afbaeb2\">\n.flex_column.av-av_three_fifth-0aa7055fe62c3622faec82866afbaeb2{\nborder-radius:0px 0px 0px 0px;\npadding:0px 0px 0px 0px;\n}\n<\/style>\n<div  class='flex_column av-av_three_fifth-0aa7055fe62c3622faec82866afbaeb2 av_three_fifth  avia-builder-el-10  el_after_av_one_fifth  el_before_av_one_fifth  flex_column_div av-zero-column-padding  '     ><p>\n<style type=\"text\/css\" data-created_by=\"avia_inline_auto\" id=\"style-css-av-av_heading-098508eb848306a694e9b488af5eb8d0\">\n#top .av-special-heading.av-av_heading-098508eb848306a694e9b488af5eb8d0{\npadding-bottom:20px;\ncolor:#ffffff;\nfont-size:50px;\n}\nbody .av-special-heading.av-av_heading-098508eb848306a694e9b488af5eb8d0 .av-special-heading-tag .heading-char{\nfont-size:25px;\n}\n#top #wrap_all .av-special-heading.av-av_heading-098508eb848306a694e9b488af5eb8d0 .av-special-heading-tag{\nfont-size:50px;\n}\n.av-special-heading.av-av_heading-098508eb848306a694e9b488af5eb8d0 .special-heading-inner-border{\nborder-color:#ffffff;\n}\n.av-special-heading.av-av_heading-098508eb848306a694e9b488af5eb8d0 .av-subheading{\nfont-size:15px;\n}\n\n@media only screen and (min-width: 480px) and (max-width: 767px){ \n#top #wrap_all .av-special-heading.av-av_heading-098508eb848306a694e9b488af5eb8d0 .av-special-heading-tag{\nfont-size:0.8em;\n}\n}\n\n@media only screen and (max-width: 479px){ \n#top #wrap_all .av-special-heading.av-av_heading-098508eb848306a694e9b488af5eb8d0 .av-special-heading-tag{\nfont-size:0.8em;\n}\n}\n<\/style>\n<div  class='av-special-heading av-av_heading-098508eb848306a694e9b488af5eb8d0 av-special-heading-h1 custom-color-heading blockquote modern-quote modern-centered  avia-builder-el-11  el_before_av_textblock  avia-builder-el-first  av-thin-font av-inherit-size'><h1 class='av-special-heading-tag '  itemprop=\"headline\"  >Zobacz nasze sekcje<strong>.<\/strong><\/h1><div class=\"special-heading-border\"><div class=\"special-heading-inner-border\"><\/div><\/div><\/div><br \/>\n\n<style type=\"text\/css\" data-created_by=\"avia_inline_auto\" id=\"style-css-av-av_textblock-0b24277fcb3157fd54563c4417ea17f7\">\n#top .av_textblock_section.av-av_textblock-0b24277fcb3157fd54563c4417ea17f7 .avia_textblock{\ncolor:#ffffff;\n}\n<\/style>\n<section  class='av_textblock_section av-av_textblock-0b24277fcb3157fd54563c4417ea17f7 '   itemscope=\"itemscope\" itemtype=\"https:\/\/schema.org\/CreativeWork\" ><div class='avia_textblock av_inherit_color'  itemprop=\"text\" ><p>Zapraszamy na zaj\u0119cia z nauki i doskonalenia p\u0142ywania, jak r\u00f3wnie\u017c na zaj\u0119cia og\u00f3lnorozwojowe z elementami gier zespo\u0142owych.<\/p>\n<\/div><\/section><br \/>\n<div  class='avia-button-wrap av-av_button-83895309eda09452cd6d0686dca8d30b-wrap avia-button-center  avia-builder-el-13  el_after_av_textblock  avia-builder-el-last '><a href='https:\/\/www.uks16ka.pl\/?page_id=509'  class='avia-button av-av_button-83895309eda09452cd6d0686dca8d30b av-link-btn avia-icon_select-yes-right-icon avia-size-medium avia-position-center avia-color-theme-color'   aria-label=\"Zabacz sekcje\"><span class='avia_iconbox_title' >Zabacz sekcje<\/span><span class='avia_button_icon avia_button_icon_right avia-iconfont avia-font-entypo-fontello' data-av_icon='\ue875' data-av_iconfont='entypo-fontello' ><\/span><\/a><\/div><\/p><\/div>\n<style type=\"text\/css\" data-created_by=\"avia_inline_auto\" id=\"style-css-av-av_one_fifth-0aa7055fe62c3622faec82866afbaeb2\">\n.flex_column.av-av_one_fifth-0aa7055fe62c3622faec82866afbaeb2{\nborder-radius:0px 0px 0px 0px;\npadding:0px 0px 0px 0px;\n}\n<\/style>\n<div  class='flex_column av-av_one_fifth-0aa7055fe62c3622faec82866afbaeb2 av_one_fifth  avia-builder-el-14  el_after_av_three_fifth  avia-builder-el-last  flex_column_div av-zero-column-padding  '     ><\/div>\n<\/div><\/div><\/div><!-- close content main div --><\/div><\/div><\/div><div id='after_section_2'  class='main_color av_default_container_wrap container_wrap sidebar_right'  ><div class='container av-section-cont-open' ><div class='template-page content  av-content-small alpha units'><div class='post-entry post-entry-type-page post-entry-515'><div class='entry-content-wrapper clearfix'>\n","protected":false},"excerpt":{"rendered":"","protected":false},"author":1,"featured_media":0,"parent":0,"menu_order":0,"comment_status":"closed","ping_status":"closed","template":"","meta":{"footnotes":""},"class_list":["post-515","page","type-page","status-publish","hentry"],"_links":{"self":[{"href":"https:\/\/www.uks16ka.pl\/index.php?rest_route=\/wp\/v2\/pages\/515","targetHints":{"allow":["GET"]}}],"collection":[{"href":"https:\/\/www.uks16ka.pl\/index.php?rest_route=\/wp\/v2\/pages"}],"about":[{"href":"https:\/\/www.uks16ka.pl\/index.php?rest_route=\/wp\/v2\/types\/page"}],"author":[{"embeddable":true,"href":"https:\/\/www.uks16ka.pl\/index.php?rest_route=\/wp\/v2\/users\/1"}],"replies":[{"embeddable":true,"href":"https:\/\/www.uks16ka.pl\/index.php?rest_route=%2Fwp%2Fv2%2Fcomments&post=515"}],"version-history":[{"count":17,"href":"https:\/\/www.uks16ka.pl\/index.php?rest_route=\/wp\/v2\/pages\/515\/revisions"}],"predecessor-version":[{"id":2379,"href":"https:\/\/www.uks16ka.pl\/index.php?rest_route=\/wp\/v2\/pages\/515\/revisions\/2379"}],"wp:attachment":[{"href":"https:\/\/www.uks16ka.pl\/index.php?rest_route=%2Fwp%2Fv2%2Fmedia&parent=515"}],"curies":[{"name":"wp","href":"https:\/\/api.w.org\/{rel}","templated":true}]}}